{"id":16964,"date":"2024-05-30T09:39:13","date_gmt":"2024-05-30T13:39:13","guid":{"rendered":"https:\/\/www.hausammeer.es\/?page_id=16964"},"modified":"2025-11-18T10:20:34","modified_gmt":"2025-11-18T13:20:34","slug":"nota-legal","status":"publish","type":"page","link":"https:\/\/www.hausammeer.es\/ca\/nota-legal\/","title":{"rendered":"Nota legal"},"content":{"rendered":"<p>NOTA LEGAL V2 \u2013 15-01-2016<\/p><p id=\"aviso-legal\"><a><\/a><strong>1.1 Av\u00eds legal (LSSI)<\/strong><br>De conformitat amb l&#039;article 10 de la&nbsp;<strong>Llei 34\/2002<\/strong>, d&#039;11 de juliol, de \u201c<strong>Serveis de la Societat de la Informaci\u00f3 i Comer\u00e7 Electr\u00f2nic (LSSI)\u201d<\/strong>, posem en el vostre coneixement la seg\u00fcent informaci\u00f3:<\/p><p><strong>BECKER I FILLES, SL, [<\/strong>d&#039;ara endavant<strong>\u00a0HAUS AM MEER],<\/strong>\u00a0\u00e9s el titular del portal Web\u00a0<strong>hausammeer.es<\/strong>, que actua exclusivament com a explotadora, i gestora dels continguts dels portals web, domiciliats a l&#039;av. Inscripci\u00f3 1a, \u00e9s l&#039;encarregada de l&#039;explotaci\u00f3, la gesti\u00f3 i el funcionament del portal web esmentat anteriorment.<br>Si voleu contactar amb nosaltres, podeu fer-ho mitjan\u00e7ant correu postal a l&#039;adre\u00e7a esmentada al par\u00e0graf anterior, o b\u00e9 a trav\u00e9s del correu electr\u00f2nic\u00a0<strong>info@hausammeer.\u00e9s.<\/strong><\/p><p><strong>CONCEPTE D&#039;USUARI<\/strong><\/p><p>La utilitzaci\u00f3 del portal Web atribueix la condici\u00f3 d&#039;Usuari, i implica l&#039;acceptaci\u00f3 total i sense reserves de totes i cadascuna de les disposicions incloses en aquest Av\u00eds Legal, a la versi\u00f3 publicada per a&nbsp;<strong>HAUS AM MEER&nbsp;<\/strong>en el mateix moment en qu\u00e8 l&#039;usuari accedeixi a la web. En conseq\u00fc\u00e8ncia, l&#039;Usuari ha de llegir atentament aquest&nbsp;<strong>Av\u00eds Legal<\/strong>&nbsp;en cadascuna de les ocasions en qu\u00e8 es proposi utilitzar el web, ja que pot patir modificacions.<\/p><p><strong>INFORMACI\u00d3 SOBRE ELS V\u00cdNCLES \u201cLINKS\u201d<br><\/strong><strong><br>HAUS AM MEER&nbsp;<\/strong>no es fa responsable de les webs no pr\u00f2pies o de tercers, a les quals es pot accedir mitjan\u00e7ant vincles&nbsp;<strong>\u201clinks\u201d<\/strong>&nbsp;o de qualsevol contingut posat a disposici\u00f3 per tercers.<br>Qualsevol \u00fas d&#039;un enlla\u00e7 o acc\u00e9s a una web no pr\u00f2pia \u00e9s realitzat per voluntat i risc exclusiu de l&#039;usuari i&nbsp;<strong>HAUS AM MEER&nbsp;<\/strong>no recomana ni garanteix cap informaci\u00f3 obtinguda a trav\u00e9s d&#039;un enlla\u00e7 ali\u00e8 a la web de&nbsp;<strong>hausammeer.es<\/strong>&nbsp;ni es responsabilitza de cap p\u00e8rdua, reclamaci\u00f3 o perjudici derivada de l&#039;\u00fas o mal \u00fas d&#039;un enlla\u00e7, o de la informaci\u00f3 obtinguda a trav\u00e9s d&#039;aquest, incloent-hi altres vincles o webs, de la interrupci\u00f3 al servei oa l&#039;acc\u00e9s, o de l&#039;\u00fas o mal \u00fas d&#039;un enlla\u00e7, tant en connectar al portal web&nbsp;<strong>hausammeer.es<\/strong>&nbsp;com en accedir a la informaci\u00f3 d&#039;altres webs des del mateix portal web<\/p><p><strong>REN\u00daNCIA I LIMITACI\u00d3 DE LA RESPONSABILITAT<\/strong><\/p><p>La informaci\u00f3 i els serveis inclosos o disponibles a trav\u00e9s de les p\u00e0gines web poden incloure incorreccions o errors tipogr\u00e0fics. Peri\u00f2dicament s&#039;incorporen canvis a la informaci\u00f3 continguda.&nbsp;<strong>HAUS AM MEER&nbsp;<\/strong>pot introduir en qualsevol moment millores i\/o canvis als serveis o continguts.<br>Tamb\u00e9 s&#039;adverteix que els continguts d&#039;aquesta web tenen la finalitat informativa quant a l&#039;oferta de serveis i tarifes. Segons el que preveu aquest av\u00eds legal i la resta de textos legals del present portal Web.<\/p><p><strong>INFORMACI\u00d3 SOBRE L&#039;EXEMPCI\u00d3 DE TOTA RESPONSABILITAT DERIVADA D&#039;UNA FALLADA T\u00c8CNICA I DE CONTINGUT<\/strong><\/p><p><strong>HAUS AM MEER&nbsp;<\/strong>declina qualsevol responsabilitat en cas que hi hagi interrupcions o un mal funcionament dels serveis o continguts oferts a Internet, qualsevol que sigui la seva causa.<br>Aix\u00ed mateix,&nbsp;<strong>HAUS AM MEER&nbsp;<\/strong>no es fa responsable de caigudes de la xarxa, p\u00e8rdues de negoci a conseq\u00fc\u00e8ncia d&#039;aquestes caigudes, suspensions temporals del fluid el\u00e8ctric o qualsevol altre tipus.<\/p><p><strong>HAUS AM MEER&nbsp;<\/strong>no declara ni garanteix que els serveis o continguts no siguin interromputs o que estiguin lliures derrors, que els defectes siguin corregits, o que el servei o el servidor que el posa a disposici\u00f3 estiguin lliures de virus o altres components nocius, sense perjudici que&nbsp;<strong>HAUS AM MEER&nbsp;<\/strong>realitza els millors esfor\u00e7os a evitar aquest tipus d&#039;incidents. En cas que l&#039;Usuari prengu\u00e9s determinades decisions o realitz\u00e9s accions sobre la base de la informaci\u00f3 inclosa en qualsevol dels \u201cwebsites\u201d, es recomana la comprovaci\u00f3 de la informaci\u00f3 rebuda amb altres fonts.<\/p><p><strong>INFORMACI\u00d3 RELATIVA A LA PROPIETAT INTEL\u00b7LECTUAL I INDUSTRIAL<\/strong><strong>&nbsp;<\/strong><\/p><p><strong>1<\/strong>. L&#039;estructura, el disseny i la forma de presentaci\u00f3 dels elements (gr\u00e0fics, imatges, fitxers logotips, combinacions de colors i qualsevol element susceptible de protecci\u00f3) estan protegits per drets de propietat intel\u00b7lectual, titularitat de&nbsp;<strong>HAUS AM MEER<\/strong><\/p><p><strong>2<\/strong>. Estan prohibides la reproducci\u00f3, la transformaci\u00f3, la distribuci\u00f3, la comunicaci\u00f3 p\u00fablica, la posada a disposici\u00f3 del p\u00fablic i, en general qualsevol altra forma d&#039;explotaci\u00f3, parcial o total dels elements referits a l&#039;apartat anterior. Aquests actes dexplotaci\u00f3 nom\u00e9s podran ser realitzats en virtut dautoritzaci\u00f3 expressa de&nbsp;<strong>HAUS AM MEER&nbsp;<\/strong>i que, en tot cas, hauran de fer refer\u00e8ncia expl\u00edcita a la titularitat dels esmentats drets de propietat intel\u00b7lectual de&nbsp;<strong>HAUS AM MEER<\/strong><\/p><p><strong>3<\/strong>. Nom\u00e9s est\u00e0 autoritzat per a l&#039;\u00fas privat del material documental elaborat per a la&nbsp;<strong>HAUS AM MEER&nbsp;<\/strong>En cap cas, podr\u00e0 suprimir, alterar, eludir o manipular qualsevol dispositiu de protecci\u00f3 o sistemes de seguretat que puguin estar instal\u00b7lats.<\/p><p><strong>4<\/strong>. Excepte autoritzaci\u00f3 expressa de&nbsp;<strong>HAUS AM MEER&nbsp;<\/strong>No es permet l&#039;enlla\u00e7 a \u201cp\u00e0gines finals\u201d, el \u201cframe\u201d i qualsevol altra manipulaci\u00f3 similar. Els enlla\u00e7os han de ser sempre a la p\u00e0gina principal o \u201chome page\u201d&nbsp;<strong>ca<\/strong><\/p><p><strong>5<\/strong>. Els signes distintius (marques, noms comercials) de&nbsp;<strong>HAUS AM MEER&nbsp;<\/strong>Estan protegits per drets de propietat industrial, quedant prohibida la utilitzaci\u00f3 o manipulaci\u00f3 de qualsevol d&#039;aquests, excepte autoritzaci\u00f3 expressa i per escrit de&nbsp;<strong>HAUS AM MEER<\/strong><\/p><p id=\"politica-privacidad\"><a><\/a><strong>1.2 Pol\u00edtica de Privadesa (LOPD)<\/strong><\/p><p><strong>TEXT LEGAL<\/strong><\/p><p>D&#039;acord amb el que estableix el Reglament General de Protecci\u00f3 de Dades 2016\/679 (RGPD) i la Llei Org\u00e0nica 3\/2018, de 5 de desembre, de Protecci\u00f3 de Dades Personals i Garantia dels Drets Digitals, us informem que tractarem les vostres dades personals amb la finalitat de realitzar la gesti\u00f3 administrativa, comptable i fiscal, aix\u00ed com enviar-li comunicacions. Les dades proporcionades es conservaran mentre es mantingui la relaci\u00f3 comercial o durant els anys necessaris per complir les obligacions legals. Les dades no se cediran a tercers excepte en els casos en qu\u00e8 hi hagi una obligaci\u00f3 legal. <\/p><p>Aix\u00ed mateix, us informem de la possibilitat d&#039;exercir els drets seg\u00fcents sobre les vostres dades personals: (ARSOPOL) dret d&#039;acc\u00e9s, rectificaci\u00f3, supressi\u00f3 o oblit, limitaci\u00f3, oposici\u00f3, portabilitat ia retirar el consentiment prestat.<\/p><p> Per aix\u00f2 podr\u00e0 enviar un email a: info@hausammeer.es A m\u00e9s, l&#039;interessat pot adre\u00e7ar-se a l&#039;Autoritat de Control en mat\u00e8ria de protecci\u00f3 de dades competent per obtenir informaci\u00f3 addicional o presentar una reclamaci\u00f3. <\/p><p>Si no voleu rebre la nostra informaci\u00f3, poseu-vos en contacte amb nosaltres enviant un correu electr\u00f2nic a la seg\u00fcent adre\u00e7a: info@hausammeer.es<\/p><p> Dades identificatives: BECKER I FILLES SL, B43569623, AV. DIPUTACI\u00d3, 46 \u2013 43850 \u2013 CAMBRILS \u2013 TARRAGONA, 977362421<\/p><p><strong>POL\u00cdTICA DE PRIVACITAT<\/strong><\/p><p><strong>HAUS AM MEER&nbsp;<\/strong>est\u00e0 especialment sensibilitzada en la protecci\u00f3 de les dades dels usuaris, dels serveis a qu\u00e8 s&#039;accedeix a trav\u00e9s del portal Web. Mitjan\u00e7ant aquesta Pol\u00edtica de Privadesa [d&#039;ara endavant,&nbsp;<strong>la Pol\u00edtica<\/strong>] informa els Usuaris de&nbsp;<strong>hausammeer.es<\/strong>, del tractament i usos als quals se sotmeten les dades de car\u00e0cter personal que es demanen a la Web, a fi que decideixin, lliurement i volunt\u00e0riament, si desitgen facilitar la informaci\u00f3 sol\u00b7licitada.<\/p><p><strong>HAUS AM MEER&nbsp;<\/strong>Considera essencial garantir la protecci\u00f3 de les dades de car\u00e0cter personal per aix\u00f2, a fi de protegir la intimitat i privadesa de tots els interessats (titulars de les dades), posem de manifest aquesta Pol\u00edtica de Privadesa, comprometent-nos a garantir les exig\u00e8ncies legals estipulades a la legislaci\u00f3 i reglamentaci\u00f3 que sigui aplicable en la mat\u00e8ria de Protecci\u00f3 de Dades de Car\u00e0cter Personal.<\/p><p>Aix\u00ed doncs, en compliment de la Llei Org\u00e0nica 15\/1999, de Protecci\u00f3 de Dades de Car\u00e0cter Personal, per mitj\u00e0 del present document,<strong>&nbsp;HAUS AM MEER.<br><u>Informa:<\/u><\/strong><br><strong>1-Titularitat dels Fitxers<\/strong><\/p><p><strong>HAUS AM MEER &nbsp;<\/strong>amb domicili social a l&#039;Av. Diputaci\u00f3, 46 43850 CAMBRILS, \u00e9s titular de diferents fitxers que ha inscrit al Registre General de Protecci\u00f3 de Dades dependent de l&#039;Ag\u00e8ncia Espanyola de Protecci\u00f3 de Dades i que poden ser consultades a la Web http:\/\/ www.agpd.es.<br>En concret, les dades recollides a trav\u00e9s de la present Web, s&#039;incorporen al fitxer [<strong>AGENDA, CONTACTES, TERCERS, CORREU ELECTR\u00d2NIC<\/strong>] amb el Codi d&#039;inscripci\u00f3 [<strong>2120050527<\/strong>].  Als quals els ser\u00e0 aplicable aquesta Pol\u00edtica de Privadesa.<\/p><p><strong>2-Recollida i Tractament<\/strong><br>El fitxer [<strong>AGENDA, CONTACTES, TERCERS, CORREU ELECTR\u00d2NIC<\/strong>], t\u00e9 com a principal caracter\u00edstica:<\/p><p><strong>2.1-Finalitat<\/strong><strong>&nbsp;<\/strong><\/p><p>La finalitat de la recollida i incorporaci\u00f3 de les dades als fitxers esmentats<br>consisteixen en:<\/p><p><strong>a<\/strong>. Pel Fitxer [<strong>AGENDA, CONTACTES, TERCERS, CORREU ELECTR\u00d2NIC<\/strong>], oferir la informaci\u00f3 sol\u00b7licitada pels interessats en el formulari o q\u00fcestionari de la p\u00e0gina web&nbsp;<strong>ca<\/strong><\/p><p><strong>b<\/strong>. Resoldre les q\u00fcestions formulades<\/p><p><strong>c<\/strong>. i remetre&#039;ls informaci\u00f3 sobre els nostres productes o serveis del portal titularitat de<strong>HAUS AM MEER<\/strong><\/p><p><strong>2.2-Encarregat del Tractament<\/strong><strong>&nbsp;<\/strong><\/p><p>En cas que hi hagi tercers que accedeixin a aquest fitxer i amb els quals hi hagi obligaci\u00f3 de subscriure el contracte que prescriu&nbsp;<strong>(l&#039;article 12 de la LOPD).&nbsp;<\/strong><em>Se signar\u00e0 aquest contracte<\/em>&nbsp;sobre els termes que marca l&#039;article esmentat,&nbsp;<em>que regular\u00e0 contractualment l&#039;\u00fas i la confidencialitat de les dades de car\u00e0cter personal, de conformitat amb all\u00f2 que disposa la legislaci\u00f3 vigent.<\/em><\/p><p><strong>2.3-Consentiment<\/strong><strong>&nbsp;<\/strong><\/p><p>Mitjan\u00e7ant l&#039;emplenament dels diversos formularis continguts a la Web esmentada anteriorment, l&#039;interessat presta el seu consentiment perqu\u00e8 les dades de car\u00e0cter personal subministrades siguin incorporades a l&#039;esmentat fitxer, sent objecte de tractament per aquesta de conformitat amb la present Pol\u00edtica de Privadesa. De la mateixa manera presta consentiment perqu\u00e8&nbsp;<strong>HAUS AM MEER&nbsp;<\/strong>envieu informaci\u00f3 peri\u00f2dica i informar de les nostres ofertes i serveis.<\/p><p>Si b\u00e9 en qualsevol moment podreu oposar-vos a aquest tipus d&#039;enviaments, enviant un correu electr\u00f2nic a l&#039;adre\u00e7a<strong>\u00a0info@hausammeer.es\u00a0<\/strong>indicant a l&#039;assumpte\u00a0<strong>\u00abBAIXA DE LA LLISTA DE DISTRIBUCI\u00d3\u00bb.<\/strong><\/p><p><strong>3-Mesures de Seguretat<\/strong><strong>&nbsp;<\/strong><\/p><p><strong>HAUS AM MEER&nbsp;<\/strong>ha adoptat els nivells de seguretat de protecci\u00f3 de les dades de car\u00e0cter personal legalment requerides, i ha instal\u00b7lat tots els mitjans i mesures t\u00e8cniques al seu abast per evitar la p\u00e8rdua, mal \u00fas, alteraci\u00f3, acc\u00e9s no autoritzat i robatori dels mateixos.<br><strong>4-<\/strong>&nbsp;<strong>Drets d&#039;acc\u00e9s, rectificaci\u00f3, cancel\u00b7laci\u00f3 i oposici\u00f3<\/strong><\/p><p>Els interessats titulars de les dades contingudes al fitxer [<strong>AGENDA, CONTACTES, TERCERS, CORREU ELECTR\u00d2NIC<\/strong>], aix\u00ed com els titulars de dades contingudes en qualsevol dels fitxers titularitat de &nbsp;<strong>HAUS AM MEER &nbsp;<\/strong>Podran adre\u00e7ar-se a l&#039;entitat, com a responsable dels fitxers, per tal de poder exercitar els seus drets de&nbsp;<strong>a<\/strong>cc\u00e9s,&nbsp;<strong>r<\/strong>ectificaci\u00f3,&nbsp;<strong>c<\/strong>ancelaci\u00f3, i si escau&nbsp;<strong>o<\/strong>posici\u00f3 (Drets&nbsp;<strong>ARC<\/strong>) referent a les dades incorporades al tractament. Aquests drets tenen car\u00e0cter \u201c<strong><em>personal\u00edssim<\/em><\/strong>\u201d, per la qual cosa \u00fanicament podran ser exercitats pel propi interessat, o el seu representant legal, pr\u00e8via acreditaci\u00f3 de la seva identitat, o si escau, de la sufici\u00e8ncia de la representaci\u00f3.<\/p><p><strong>A<\/strong>.- El dret de\u00a0<strong>acc\u00e9s<\/strong>, a exercitar amb periodicitat anual, excepte inter\u00e8s leg\u00edtim acreditat. En exercitar el dret d&#039;acc\u00e9s, l&#039;interessat podr\u00e0 optar pels sistemes de consulta del fitxer seg\u00fcents:<br>\u2013 Enviar un correu electr\u00f2nic a:\u00a0<strong>info@hausammeer.es<\/strong><br>\u2013 Comunicaci\u00f3 per escrit adre\u00e7ada a:<strong>\u00a0HAUS AM MEER,\u00a0<\/strong>Av. Diputaci\u00f3, 46 43850 CAMBRILS<\/p><p><strong>HAUS AM MEER &nbsp;<\/strong>procedir\u00e0 a notificar-ne la decisi\u00f3 en el termini d&#039;un mes. Si fos en sentit afirmatiu, linteressat podr\u00e0 accedir a la referida informaci\u00f3 en el termini dels 10 dies seg\u00fcents a la seva notificaci\u00f3.<\/p><p><strong>B<\/strong>.- El dret de&nbsp;<strong>rectificaci\u00f3<\/strong>&nbsp;i&nbsp;<strong>cancel\u00b7laci\u00f3<\/strong>&nbsp;podran ser exercitats, d&#039;acord amb les previsions seg\u00fcents, sempre que l&#039;interessat consideri que les dades recollides als nostres fitxers s\u00f3n&nbsp;<strong><em>inexactes, incomplets, inadequats o excessius<\/em><\/strong>. En aquest cas, podr\u00e0 exercir-los a trav\u00e9s d&#039;algun dels mitjans prevists anteriorment.<\/p><p><strong>HAUS AM MEER<\/strong>&nbsp;procedir\u00e0 a la rectificaci\u00f3 o cancel\u00b7laci\u00f3 dins dels 10 dies seg\u00fcents al de la recepci\u00f3 de la sol\u00b7licitud.<strong>&nbsp;<\/strong><\/p><p><strong>5-<\/strong>&nbsp;<strong>Canvi de Normativa<\/strong><strong>&nbsp;<\/strong><\/p><p><strong>HAUS AM MEER&nbsp;<\/strong>es reserva el dret de modificar la present pol\u00edtica a fi d&#039;adaptar-la a les novetats legislatives o jurisprudencials aix\u00ed com les que poguessin derivar-se de \u201ccodis tipus\u201d existents en la mat\u00e8ria. Aquests canvis seran comunicats amb l&#039;antelaci\u00f3 que sigui necess\u00e0ria a la nostra p\u00e0gina web, sense perjudici de reclamar el&nbsp;<strong>consentiment<\/strong>&nbsp;necessari dels afectats quan aquest no es consider\u00e9s atorgat d&#039;acord amb els termes de la present pol\u00edtica.<\/p><p>Qualsevol dubte, pregunta o comentaris que pogu\u00e9s albergar amb refer\u00e8ncia a aquesta normativa, no dubti a consultar-les dirigint la seva comunicaci\u00f3 sobre aquest tema a:\u00a0<strong>info@hausammeer.\u00e9s.<\/strong><\/p><p id=\"politica-cookies\"><a><\/a><strong>1.3 Pol\u00edtica de Cookies<\/strong><\/p><p>Una \u00ab<strong>Cookie<\/strong>\u00bb \u00e9s un petit fitxer que s&#039;emmagatzema a l&#039;ordinador de l&#039;usuari i ens permet recon\u00e8ixer-lo. El conjunt de galetes ens ajuda a millorar la qualitat de la nostra web, permetent controlar quines p\u00e0gines troben els nostres usuaris \u00fatils i qu\u00e8 no.<br>Les galetes s\u00f3n essencials per al funcionament d&#039;internet, aportant innombrables avantatges en la prestaci\u00f3 de serveis interactius, facilitant-li la navegaci\u00f3 i usabilitat de la nostra web. Tingueu en compte que les galetes no poden danyar el vostre equip i que, en canvi, el que estiguin activades ens ajuden a identificar i resoldre els errors.<\/p><p>La informaci\u00f3 que us proporcionem a continuaci\u00f3, us ajudar\u00e0 a comprendre els diferents tipus de cookies:<\/p><p><strong>Galetes de sessi\u00f3<\/strong>: s\u00f3n cookies temporals que romanen al fitxer de cookies del seu navegador fins que abandoni la p\u00e0gina web, per la qual cosa cap queda registrada al disc portar de l&#039;usuari. La informaci\u00f3 obtinguda per mitj\u00e0 d&#039;aquestes galetes serveixen per analitzar pautes de tr\u00e0nsit del web. A la llarga, aix\u00f2 ens permet proporcionar una millor experi\u00e8ncia per millorar el contingut i facilitant-ne l&#039;\u00fas<\/p><p><strong>Galetes permanents<\/strong>: s\u00f3n emmagatzemades al disc dur i la nostra web les llegeix cada vegada que vost\u00e8 realitza una nova visita. Una galeta permanent t\u00e9 una data d&#039;expiraci\u00f3 determinada. La galeta deixar\u00e0 de funcionar despr\u00e9s d&#039;aquesta data. Les utilitzem generalment, per facilitar els serveis de compra i registre.<\/p><p><strong>Galetes polivalents<\/strong>: Una galeta es pot utilitzar per a diverses finalitats, per la qual cosa \u00fanicament podr\u00e0 estar exempt del requisit de consentiment si totes i cadascuna de les finalitats per les quals s&#039;utilitzi estan individualment exemptes del requisit de consentiment.<\/p><p>L&#039;usuari t\u00e9 l&#039;opci\u00f3 d&#039;impedir la generaci\u00f3 de \u201c<strong>cookies<\/strong>\u201d, mitjan\u00e7ant la selecci\u00f3 de la corresponent opci\u00f3 al seu programari navegador. No obstant aix\u00f2,&nbsp;<strong>BECKER I FILLES, SL,&nbsp;<\/strong>&nbsp;no es responsabilitza que la desactivaci\u00f3 de les mateixes impedeixi el bon funcionament de la p\u00e0gina web.<\/p><p>Exemples de configuraci\u00f3 de les cookies a diferents navegadors:<br><\/p><figure class=\"wp-block-table\"><table><tbody><tr><td><strong>Google Chrome<\/strong><\/td><td><a href=\"http:\/\/support.google.com\/chrome\/bin\/answer.py?hl=es&amp;answer=95647\">http:\/\/support.google.com\/chrome\/bin\/answer.py?hl=es&amp;answer=95647<\/a><\/td><\/tr><tr><td><strong>Windows Explorer<\/strong><\/td><td><a href=\"http:\/\/windows.microsoft.com\/es-es\/windows7\/how-to-manage-cookies-in-internet-explorer-9\">http:\/\/windows.microsoft.com\/es-es\/windows7\/how-to-manage-cookies-in-internet-explorer-9<\/a><\/td><\/tr><tr><td><strong>Firefox<\/strong><\/td><td><a href=\"http:\/\/support.mozilla.org\/es\/kb\/habilitar-y-deshabilitar-cookies-que-los-sitios-we\">http:\/\/support.mozilla.org\/es\/kb\/habilitar-y-deshabilitar-cookies-que-los-sitios-we<\/a><\/td><\/tr><tr><td><strong>Apple Safari<\/strong><\/td><td><a href=\"http:\/\/support.apple.com\/kb\/ph5042\">http:\/\/support.apple.com\/kb\/ph5042<\/a><\/td><\/tr><\/tbody><\/table><\/figure><p>Els informem que&nbsp;<strong>BECKER I FILLES, SL,&nbsp;<\/strong>en el domini&nbsp;<strong>hausammeer.es<\/strong>&nbsp;no utilitza cap tipus de \u201ccookie\u201d, pel tractament de dades personals, que permetin la identificaci\u00f3 de persones f\u00edsiques concretes.<\/p><figure class=\"wp-block-table\"><table><tbody><tr><td><strong>DOMINI<\/strong><\/td><td><strong>Nom de la galeta<\/strong><\/td><td><strong>Expira<\/strong><\/td><td><strong>Informaci\u00f3<\/strong><\/td><\/tr><tr><td colspan=\"4\"><strong>&nbsp;<\/strong><\/td><\/tr><tr><td colspan=\"4\"><strong>COOKIES PR\u00d2PIES<\/strong><\/td><\/tr><tr><td>hausammeer.es<\/td><td>veure_legal<\/td><td>Permanent<\/td><td>Control versi\u00f3 textos legals<\/td><\/tr><tr><td><\/td><td><\/td><td><\/td><td><\/td><\/tr><tr><td colspan=\"4\"><strong>&nbsp;<\/strong><\/td><\/tr><tr><td colspan=\"4\"><strong>COOKIES DE TERCERS<\/strong><\/td><\/tr><tr><td>hausammeer.es<\/td><td>__utma<\/td><td>2 anys a partir de la configuraci\u00f3 o actualitzaci\u00f3<\/td><td>Es fa servir per distingir usuaris i sessions. La galeta es crea quan s&#039;executa la biblioteca JavaScript i no hi ha cap galeta __utma. La galeta s&#039;actualitza cada cop que s&#039;envien dades a Google Analytics.<\/td><\/tr><tr><td>hausammeer.es<\/td><td>__utmb<\/td><td>30 minuts a partir de la configuraci\u00f3 o actualitzaci\u00f3<\/td><td>Es fa servir per determinar noves sessions o visites. La galeta es crea quan s&#039;executa la biblioteca JavaScript i no hi ha cap galeta __utmb. La galeta s&#039;actualitza cada cop que s&#039;envien dades a Google Analytics.<\/td><\/tr><tr><td>hausammeer.es<\/td><td>__utmc<\/td><td>Final de la sessi\u00f3 del navegador<\/td><td>No es fa servir a ga.js. Es configura per interactuar amb urchin.js. Anteriorment, aquesta galeta actuava juntament amb la galeta __utmb per determinar si l&#039;usuari estava en una nova sessi\u00f3 o visita.<\/td><\/tr><tr><td>hausammeer.es<\/td><td>__utmz<\/td><td>Sis mesos a partir de la configuraci\u00f3 o actualitzaci\u00f3<\/td><td>Emmagatzema la font de tr\u00e0nsit o la campanya que explica com l&#039;usuari ha arribat al lloc. La galeta es crea quan s&#039;executa la biblioteca JavaScript i s&#039;actualitza cada cop que s&#039;envien dades a Google Analytics.&nbsp;<\/td><\/tr><tr><td>hausammeer.es<\/td><td>__utmv<\/td><td>Dos anys a partir de la configuraci\u00f3 o actualitzaci\u00f3<\/td><td>Es fa servir per emmagatzemar dades de variables personalitzades de visitant. Aquesta galeta es crea quan un programador utilitza el m\u00e8tode _setCustomVar amb una variable personalitzada de visitant. Tamb\u00e9 es feia servir per al m\u00e8tode _setVar obsolet. La galeta s&#039;actualitza cada cop que s&#039;envien dades a Google Analytics.<\/td><\/tr><\/tbody><\/table><\/figure><p>Un cop llegida tota la informaci\u00f3 facilitada, avisem a l&#039;usuari que,&nbsp;<strong><em>si prossegueix la seva navegaci\u00f3 pel nostre lloc web, sense haver pres les mesures oportunes de personalitzaci\u00f3 dels seus navegadors, per impedir la instal\u00b7laci\u00f3 de les cookies<\/em><\/strong><em>&nbsp;<strong>emprades pel mateix<\/strong><\/em>, en els termes inclosos al&nbsp;<strong>article 22.2<\/strong>&nbsp;de la&nbsp;<strong>Llei 34\/2002 de serveis de la Societat de la Informaci\u00f3 i Comer\u00e7 Electr\u00f2nic<\/strong>, segons la redacci\u00f3 del mateix donada pel&nbsp;<strong>RD 13\/2012<\/strong>&nbsp;de 30 de mar\u00e7, pel qual es trasposen directives en mat\u00e8ria de mercats interiors delectricitat i gas i en mat\u00e8ria de comunicacions electr\u00f2niques&nbsp;<strong><em>estar\u00e0 prestant el vostre consentiment<\/em><\/strong>&nbsp;per a la utilitzaci\u00f3 dels mecanismes esmentats.<\/p>","protected":false},"excerpt":{"rendered":"<p>NOTA LEGAL V2 \u2013 15-01-2016 1.1 Av\u00eds legal (LSSI)De conformitat amb l&#039;article 10 de la Llei 34\/2002, d&#039;11 de juliol, de \u201cServeis de la Societat de la Informaci\u00f3 i Comer\u00e7 Electr\u00f2nic (LSSI)\u201d, posem en el seu coneixement la seg\u00fcent informaci\u00f3: BECKER E HI \u00e9s el titular del portal Web hausammeer.es, que [\u2026]<\/p>","protected":false},"author":1,"featured_media":0,"parent":0,"menu_order":0,"comment_status":"closed","ping_status":"closed","template":"","meta":{"footnotes":""},"class_list":["post-16964","page","type-page","status-publish","hentry"],"_links":{"self":[{"href":"https:\/\/www.hausammeer.es\/ca\/wp-json\/wp\/v2\/pages\/16964","targetHints":{"allow":["GET"]}}],"collection":[{"href":"https:\/\/www.hausammeer.es\/ca\/wp-json\/wp\/v2\/pages"}],"about":[{"href":"https:\/\/www.hausammeer.es\/ca\/wp-json\/wp\/v2\/types\/page"}],"author":[{"embeddable":true,"href":"https:\/\/www.hausammeer.es\/ca\/wp-json\/wp\/v2\/users\/1"}],"replies":[{"embeddable":true,"href":"https:\/\/www.hausammeer.es\/ca\/wp-json\/wp\/v2\/comments?post=16964"}],"version-history":[{"count":0,"href":"https:\/\/www.hausammeer.es\/ca\/wp-json\/wp\/v2\/pages\/16964\/revisions"}],"wp:attachment":[{"href":"https:\/\/www.hausammeer.es\/ca\/wp-json\/wp\/v2\/media?parent=16964"}],"curies":[{"name":"wp","href":"https:\/\/api.w.org\/{rel}","templated":true}]}}