{"id":16964,"date":"2024-05-30T09:39:13","date_gmt":"2024-05-30T13:39:13","guid":{"rendered":"https:\/\/www.hausammeer.es\/?page_id=16964"},"modified":"2025-11-18T10:20:34","modified_gmt":"2025-11-18T13:20:34","slug":"nota-legal","status":"publish","type":"page","link":"https:\/\/www.hausammeer.es\/de\/nota-legal\/","title":{"rendered":"Rechtlicher Hinweis"},"content":{"rendered":"<p>RECHTLICHER HINWEIS V2 - 15-01-2016<\/p><p id=\"aviso-legal\"><a><\/a><strong>1.1 Rechtlicher Hinweis (LSSI)<\/strong><br>In \u00dcbereinstimmung mit Artikel 10 des&nbsp;<strong>Gesetz 34\/2002<\/strong>vom 11. Juli 2001, zum Thema \"<strong>Dienste der Informationsgesellschaft und elektronischer Gesch\u00e4ftsverkehr (LSSI)\".<\/strong>Wir m\u00f6chten Sie auf die folgenden Informationen aufmerksam machen:<\/p><p><strong>BECKER E HIJAS, S.L., [<\/strong>von nun an<strong>\u00a0HAUS AM MEER],<\/strong>\u00a0ist der Inhaber der Website\u00a0<strong>hausammeer.co.uk<\/strong>die ausschlie\u00dflich als Betreiberin und Verwalterin der Inhalte der Webportale agiert, mit Sitz in Av. Diputaci\u00f3, 46 43850 CAMBRILS, Steuernummer B43569623, eingetragen im Handelsregister von TARRAGONA, Band 202, Folio 1486, Seite T-18557, erster Eintrag, ist f\u00fcr den Betrieb, die Verwaltung und das Funktionieren des oben genannten Webportals verantwortlich.<br>Wenn Sie mit uns Kontakt aufnehmen m\u00f6chten, k\u00f6nnen Sie dies per Post an die im vorigen Absatz genannte Adresse oder per E-Mail an folgende Adresse tun\u00a0<strong>info@hausammeer.es.<\/strong><\/p><p><strong>BENUTZERKONZEPT<\/strong><\/p><p>Die Nutzung des Webportals ist mit der Bedingung verbunden, dass der Nutzer alle Bestimmungen des vorliegenden rechtlichen Hinweises in der f\u00fcr die \u00d6ffentlichkeit zug\u00e4nglichen Version vollst\u00e4ndig und uneingeschr\u00e4nkt akzeptiert.&nbsp;<strong>HAUS AM MEER&nbsp;<\/strong>zum Zeitpunkt des Zugriffs des Nutzers auf die Website. Folglich muss der Nutzer die vorliegenden Informationen sorgf\u00e4ltig lesen&nbsp;<strong>Rechtlicher Hinweis<\/strong>&nbsp;bei jeder Gelegenheit, bei der die Nutzung der Website vorgeschlagen wird, da sie sich \u00e4ndern kann.<\/p><p><strong>INFORMATIONEN \u00dcBER LINKS<br><\/strong><strong><br>HAUS AM MEER&nbsp;<\/strong>ist nicht verantwortlich f\u00fcr Websites, die nicht die eigenen sind oder die von Dritten, die \u00fcber Links erreicht werden k\u00f6nnen.&nbsp;<strong>\"Links\"<\/strong>&nbsp;oder von Dritten zur Verf\u00fcgung gestellte Inhalte.<br>Die Nutzung eines Links oder der Zugang zu einer Website, die nicht Eigentum des Nutzers ist, erfolgt auf eigenes Risiko und eigene Verantwortung.&nbsp;<strong>HAUS AM MEER&nbsp;<\/strong>unterst\u00fctzt oder garantiert keine Informationen, die \u00fcber einen Link au\u00dferhalb der&nbsp;<strong>hausammeer.co.uk<\/strong>&nbsp;haftet nicht f\u00fcr Verluste, Anspr\u00fcche oder Sch\u00e4den, die sich aus der Nutzung oder dem Missbrauch eines Links oder der \u00fcber einen Link erhaltenen Informationen ergeben, einschlie\u00dflich anderer Links oder Websites, der Unterbrechung des Dienstes oder des Zugangs oder der Nutzung oder des Missbrauchs eines Links, sei es durch Verbindung mit der Website&nbsp;<strong>hausammeer.co.uk<\/strong>&nbsp;wie man von demselben Webportal aus auf Informationen von anderen Websites zugreifen kann<\/p><p><strong>VERZICHT UND HAFTUNGSBESCHR\u00c4NKUNG<\/strong><\/p><p>Die Informationen und Dienstleistungen, die auf den Webseiten enthalten oder \u00fcber diese verf\u00fcgbar sind, k\u00f6nnen Ungenauigkeiten oder typografische Fehler enthalten. Die darin enthaltenen Informationen werden in regelm\u00e4\u00dfigen Abst\u00e4nden ge\u00e4ndert.&nbsp;<strong>HAUS AM MEER&nbsp;<\/strong>kann jederzeit Verbesserungen und\/oder \u00c4nderungen an den Diensten oder Inhalten vornehmen.<br>Es wird au\u00dferdem darauf hingewiesen, dass der Inhalt dieser Website nur zur Information \u00fcber die angebotenen Dienstleistungen und Tarife dient. In \u00dcbereinstimmung mit den Bestimmungen dieses rechtlichen Hinweises und den \u00fcbrigen Rechtstexten dieser Website.<\/p><p><strong>INFORMATIONEN \u00dcBER DEN HAFTUNGSAUSSCHLUSS F\u00dcR TECHNISCHE UND INHALTLICHE FEHLER<\/strong><\/p><p><strong>HAUS AM MEER&nbsp;<\/strong>lehnt jede Haftung im Falle von Unterbrechungen oder Funktionsst\u00f6rungen der im Internet angebotenen Dienste oder Inhalte ab, unabh\u00e4ngig von deren Ursache.<br>Gleicherma\u00dfen,&nbsp;<strong>HAUS AM MEER&nbsp;<\/strong>haftet nicht f\u00fcr Netzausf\u00e4lle, Gesch\u00e4ftsausf\u00e4lle als Folge solcher Ausf\u00e4lle, vor\u00fcbergehende Stromausf\u00e4lle oder anderes.<\/p><p><strong>HAUS AM MEER&nbsp;<\/strong>garantiert nicht, dass die Dienste oder Inhalte ununterbrochen oder fehlerfrei sind, dass Fehler behoben werden oder dass der Dienst oder der Server, der ihn zur Verf\u00fcgung stellt, frei von Viren oder anderen sch\u00e4dlichen Komponenten sind, ungeachtet dessen, dass&nbsp;<strong>HAUS AM MEER&nbsp;<\/strong>bem\u00fcht sich nach Kr\u00e4ften, solche Vorf\u00e4lle zu vermeiden. F\u00fcr den Fall, dass der Nutzer auf der Grundlage der auf einer der Websites enthaltenen Informationen bestimmte Entscheidungen trifft oder bestimmte Handlungen durchf\u00fchrt, wird empfohlen, die erhaltenen Informationen anhand anderer Quellen zu \u00fcberpr\u00fcfen.<\/p><p><strong>INFORMATIONEN \u00dcBER GEISTIGES UND GEWERBLICHES EIGENTUM<\/strong><strong>&nbsp;<\/strong><\/p><p><strong>1<\/strong>. Die Struktur, das Design und die Pr\u00e4sentation der Elemente (Grafiken, Bilder, Dateien, Logos, Farbkombinationen und alle anderen schutzf\u00e4higen Elemente) sind durch Rechte an geistigem Eigentum gesch\u00fctzt, die Eigentum von&nbsp;<strong>HAUS AM MEER<\/strong><\/p><p><strong>2<\/strong>. Die Vervielf\u00e4ltigung, die Umgestaltung, die Verbreitung, die \u00f6ffentliche Wiedergabe, die \u00f6ffentliche Zug\u00e4nglichmachung und ganz allgemein jede andere Form der teilweisen oder vollst\u00e4ndigen Verwertung der im vorstehenden Abschnitt genannten Elemente ist verboten. Diese Verwertungshandlungen d\u00fcrfen nur aufgrund einer ausdr\u00fccklichen Genehmigung erfolgen durch&nbsp;<strong>HAUS AM MEER&nbsp;<\/strong>und die in jedem Fall einen ausdr\u00fccklichen Hinweis auf die Inhaberschaft der oben genannten Rechte an geistigem Eigentum von&nbsp;<strong>HAUS AM MEER<\/strong><\/p><p><strong>3<\/strong>. Sie ist nur f\u00fcr die private Nutzung von Dokumentationsmaterial zul\u00e4ssig, das f\u00fcr die&nbsp;<strong>HAUS AM MEER&nbsp;<\/strong>Unter keinen Umst\u00e4nden d\u00fcrfen Sie eine eventuell installierte Schutzvorrichtung oder ein Sicherheitssystem entfernen, ver\u00e4ndern, umgehen oder manipulieren.<\/p><p><strong>4<\/strong>. Sofern nicht ausdr\u00fccklich genehmigt durch&nbsp;<strong>HAUS AM MEER&nbsp;<\/strong>Verlinkungen auf \"Endseiten\", den \"Frame\" und \u00e4hnliche Manipulationen sind nicht erlaubt. Links m\u00fcssen immer auf die Startseite gesetzt werden.&nbsp;<strong>ist<\/strong><\/p><p><strong>5<\/strong>. Die unterscheidungskr\u00e4ftigen Zeichen (Marken, Handelsnamen) der&nbsp;<strong>HAUS AM MEER&nbsp;<\/strong>Sie sind durch gewerbliche Schutzrechte gesch\u00fctzt, und die Nutzung oder Manipulation dieser Rechte ist verboten, es sei denn, es liegt eine ausdr\u00fcckliche schriftliche Genehmigung der&nbsp;<strong>HAUS AM MEER<\/strong><\/p><p id=\"politica-privacidad\"><a><\/a><strong>1.2 Datenschutzrichtlinie (LOPD)<\/strong><\/p><p><strong>RECHTLICHER TEXT<\/strong><\/p><p>Gem\u00e4\u00df den Bestimmungen der allgemeinen Datenschutzverordnung 2016\/679 (GDPR) und des Organgesetzes 3\/2018 vom 5. Dezember \u00fcber den Schutz personenbezogener Daten und die Gew\u00e4hrleistung digitaler Rechte informieren wir Sie dar\u00fcber, dass wir Ihre personenbezogenen Daten verarbeiten, um Verwaltungs-, Buchhaltungs- und Steuerangelegenheiten zu erledigen und um Ihnen kommerzielle Mitteilungen \u00fcber unsere Produkte und\/oder Dienstleistungen zukommen zu lassen. Die \u00fcbermittelten Daten werden so lange aufbewahrt, wie die Gesch\u00e4ftsbeziehung aufrechterhalten wird, oder so lange, wie es zur Erf\u00fcllung gesetzlicher Verpflichtungen erforderlich ist. Die Daten werden nicht an Dritte weitergegeben, es sei denn, es besteht eine gesetzliche Verpflichtung dazu. <\/p><p>Wir informieren Sie auch \u00fcber die M\u00f6glichkeit, die folgenden Rechte in Bezug auf Ihre personenbezogenen Daten auszu\u00fcben: (ARSOPOL) Recht auf Zugang, Berichtigung, L\u00f6schung oder Vergessenwerden, Einschr\u00e4nkung, Widerspruch, \u00dcbertragbarkeit und Widerruf der erteilten Zustimmung.<\/p><p> Dazu k\u00f6nnen Sie eine E-Mail senden an: info@hausammeer.es. Dar\u00fcber hinaus kann sich die betroffene Person an die zust\u00e4ndige Datenschutzaufsichtsbeh\u00f6rde wenden, um weitere Informationen zu erhalten oder eine Beschwerde einzureichen. <\/p><p>Wenn Sie keine Informationen von uns erhalten m\u00f6chten, senden Sie uns bitte eine E-Mail an die folgende Adresse: info@hausammeer.es<\/p><p> Angaben zur Identifizierung: BECKER E HIJAS S.L., B43569623, AV. DIPUTACION, 46 - 43850 - CAMBRILS - TARRAGONA, 977362421<\/p><p><strong>DATENSCHUTZPOLITIK<\/strong><\/p><p><strong>HAUS AM MEER&nbsp;<\/strong>ist besonders sensibel f\u00fcr den Schutz der Daten der Nutzer der \u00fcber das Webportal zug\u00e4nglichen Dienste. Mittels dieser Datenschutzrichtlinie [im Folgenden,&nbsp;<strong>die Politik<\/strong>] informiert die Nutzer \u00fcber&nbsp;<strong>hausammeer.co.uk<\/strong>Der Nutzer wird \u00fcber die Verarbeitung und Verwendung der auf der Website gesammelten personenbezogenen Daten informiert, so dass er frei und freiwillig entscheiden kann, ob er die angeforderten Informationen bereitstellen m\u00f6chte.<\/p><p><strong>HAUS AM MEER&nbsp;<\/strong>Um die Privatsph\u00e4re und die Intimit\u00e4t aller Betroffenen zu sch\u00fctzen, erkl\u00e4ren wir hiermit die vorliegende Datenschutzpolitik und verpflichten uns, die in den geltenden Gesetzen und Verordnungen zum Schutz personenbezogener Daten festgelegten rechtlichen Anforderungen zu erf\u00fcllen.<\/p><p>In \u00dcbereinstimmung mit dem Organgesetz 15\/1999 \u00fcber den Schutz personenbezogener Daten wird daher mit dem vorliegenden Dokument,<strong>&nbsp;HAUS AM MEER.<br><u>Berichte:<\/u><\/strong><br><strong>1-Titularit\u00e4t der Dateien<\/strong><\/p><p><strong>HAUS AM MEER &nbsp;<\/strong>mit Sitz in Av. Diputaci\u00f3, 46 43850 CAMBRILS, ist der Eigent\u00fcmer verschiedener Dateien, die im allgemeinen Datenschutzregister der spanischen Datenschutzbeh\u00f6rde eingetragen sind, das auf der Website http:\/\/www.agpd.es eingesehen werden kann.<br>Insbesondere sind die \u00fcber diese Website gesammelten Daten in der Datei [<strong>ADRESSBUCH, KONTAKTE, DRITTE, E-MAIL<\/strong>mit dem Registrierungscode [<strong>2120050527<\/strong>].  F\u00fcr die diese Datenschutzrichtlinie gilt.<\/p><p><strong>2-Einsammeln und Behandlung<\/strong><br>Die Datei [<strong>ADRESSBUCH, KONTAKTE, DRITTE, E-MAIL<\/strong>Das Hauptmerkmal dieses Systems ist, dass es<\/p><p><strong>2.1-Zweck<\/strong><strong>&nbsp;<\/strong><\/p><p>Der Zweck der Erhebung und Aufnahme der Daten in die genannten Dateien besteht darin<br>bestehen aus:<\/p><p><strong>a<\/strong>. F\u00fcr Datei [<strong>ADRESSBUCH, KONTAKTE, DRITTE, E-MAIL<\/strong>die von den interessierten Parteien in dem Formular oder Fragebogen auf der Website angeforderten Informationen zu liefern&nbsp;<strong>ist<\/strong><\/p><p><strong>b<\/strong>. Kl\u00e4rung der aufgeworfenen Fragen<\/p><p><strong>c<\/strong>. und um ihnen Informationen \u00fcber unsere Produkte oder Dienstleistungen von dem Portal zukommen zu lassen, das der<strong>HAUS AM MEER<\/strong><\/p><p><strong>2.2-Behandlungsbeauftragter<\/strong><strong>&nbsp;<\/strong><\/p><p>F\u00fcr den Fall, dass Dritte auf diese Datei zugreifen und mit ihnen die Verpflichtung besteht, den Vertrag zu unterzeichnen, der durch&nbsp;<strong>(Artikel 12 der LOPD).&nbsp;<\/strong><em>Dieser Vertrag wird unterzeichnet<\/em>&nbsp;zu den Bedingungen des oben genannten Artikels,&nbsp;<em>die die Verwendung und Vertraulichkeit personenbezogener Daten gem\u00e4\u00df den geltenden Rechtsvorschriften vertraglich regelt.<\/em><\/p><p><strong>2.3-Zustimmung<\/strong><strong>&nbsp;<\/strong><\/p><p>Durch das Ausf\u00fcllen der verschiedenen Formulare auf der genannten Website erkl\u00e4rt sich der Interessent damit einverstanden, dass die angegebenen pers\u00f6nlichen Daten in die genannte Datei aufgenommen und von dieser gem\u00e4\u00df der vorliegenden Datenschutzrichtlinie verarbeitet werden. Des Weiteren erkl\u00e4rt sich der Interessent mit Folgendem einverstanden&nbsp;<strong>HAUS AM MEER&nbsp;<\/strong>regelm\u00e4\u00dfig Informationen zu versenden und \u00fcber unsere Angebote und Dienstleistungen zu informieren.<\/p><p>Sie k\u00f6nnen dieser Art von Sendungen jedoch jederzeit widersprechen, indem Sie eine E-Mail an die folgende Adresse senden<strong>\u00a0info@hausammeer.es\u00a0<\/strong>in der Betreffzeile angeben\u00a0<strong>\"STREICHEN SIE DIE MAILINGLISTE\".<\/strong><\/p><p><strong>3-Sicherheitsma\u00dfnahmen<\/strong><strong>&nbsp;<\/strong><\/p><p><strong>HAUS AM MEER&nbsp;<\/strong>das gesetzlich vorgeschriebene Sicherheitsniveau f\u00fcr den Schutz personenbezogener Daten einh\u00e4lt und alle in ihrer Macht stehenden technischen Mittel und Ma\u00dfnahmen ergriffen hat, um den Verlust, den Missbrauch, die \u00c4nderung, den unbefugten Zugriff und den Diebstahl dieser Daten zu verhindern.<br><strong>4-<\/strong>&nbsp;<strong>Zugang, Berichtigung, L\u00f6schung und Widerspruchsrecht<\/strong><\/p><p>Die betroffenen Personen, die Eigent\u00fcmer der in der Datei enthaltenen Daten sind [<strong>ADRESSBUCH, KONTAKTE, DRITTE, E-MAIL<\/strong>und die Eigent\u00fcmer der Daten, die in einer der Dateien enthalten sind, die von &nbsp;<strong>HAUS AM MEER &nbsp;<\/strong>Sie k\u00f6nnen sich an die Stelle wenden, die f\u00fcr die Akten verantwortlich ist, um ihr Recht auf&nbsp;<strong>a<\/strong>Zugang,&nbsp;<strong>r<\/strong>ektifizierung,&nbsp;<strong>c<\/strong>Aufhebung, und gegebenenfalls&nbsp;<strong>o<\/strong>Position (Rechte&nbsp;<strong>ARCO<\/strong>) bez\u00fcglich der in die Verarbeitung einbezogenen Daten. Diese Rechte haben den Charakter von \"<strong><em>sehr pers\u00f6nlich<\/em><\/strong>\"Sie k\u00f6nnen daher nur von dem Betroffenen selbst oder seinem gesetzlichen Vertreter ausge\u00fcbt werden, der seine Identit\u00e4t oder gegebenenfalls die Hinl\u00e4nglichkeit der Vertretung nachweisen muss.<\/p><p><strong>A<\/strong>Das Recht auf\u00a0<strong>Zugang<\/strong>j\u00e4hrlich auszu\u00fcben, au\u00dfer im Falle eines nachgewiesenen berechtigten Interesses. Bei der Aus\u00fcbung des Auskunftsrechts kann sich die betroffene Person f\u00fcr die folgenden Systeme der Akteneinsicht entscheiden:<br>- Senden Sie eine E-Mail an:\u00a0<strong>info@hausammeer.es<\/strong><br>- Schriftliche Mitteilung an:<strong>\u00a0HAUS AM MEER,\u00a0<\/strong>Av. Diputaci\u00f3, 46 43850 CAMBRILS<\/p><p><strong>HAUS AM MEER &nbsp;<\/strong>teilt seine Entscheidung innerhalb eines Monats mit. F\u00e4llt die Entscheidung positiv aus, kann die betroffene Partei innerhalb von 10 Tagen nach der Mitteilung Zugang zu den Informationen erhalten.<\/p><p><strong>B<\/strong>Das Recht auf&nbsp;<strong>Nachbesserung<\/strong>&nbsp;y&nbsp;<strong>K\u00fcndigung<\/strong>&nbsp;kann nach Ma\u00dfgabe der folgenden Bestimmungen ausge\u00fcbt werden, sofern die betroffene Person der Ansicht ist, dass die in unseren Dateien erfassten Daten&nbsp;<strong><em>ungenau, unvollst\u00e4ndig, unzureichend oder \u00fcberm\u00e4\u00dfig<\/em><\/strong>. In diesem Fall k\u00f6nnen Sie sie auf jede der oben genannten Arten aus\u00fcben.<\/p><p><strong>HAUS AM MEER<\/strong>&nbsp;Die Berichtigung oder L\u00f6schung wird innerhalb von 10 Tagen nach Eingang des Antrags durchgef\u00fchrt.<strong>&nbsp;<\/strong><\/p><p><strong>5-<\/strong>&nbsp;<strong>\u00c4nderung der Vorschriften<\/strong><strong>&nbsp;<\/strong><\/p><p><strong>HAUS AM MEER&nbsp;<\/strong>beh\u00e4lt sich das Recht vor, diese Politik zu \u00e4ndern, um sie an neue Entwicklungen in der Gesetzgebung oder der Rechtsprechung sowie an solche, die sich aus den bestehenden \"Standardkodizes\" zu diesem Thema ergeben k\u00f6nnen, anzupassen. Solche \u00c4nderungen werden so weit wie n\u00f6tig im Voraus auf unserer Website bekannt gegeben, unbeschadet des Rechts, das Recht auf Zugang, Berichtigung oder L\u00f6schung geltend zu machen.&nbsp;<strong>Zustimmung<\/strong>&nbsp;der Betroffenen, wenn dies nach den Bestimmungen dieser Politik nicht als zul\u00e4ssig erachtet wird.<\/p><p>Sollten Sie Zweifel, Fragen oder Anmerkungen zu diesen Vorschriften haben, z\u00f6gern Sie bitte nicht, uns zu kontaktieren:\u00a0<strong>info@hausammeer.es.<\/strong><\/p><p id=\"politica-cookies\"><a><\/a><strong>1.3 Cookie-Richtlinie<\/strong><\/p><p>A \"<strong>Keks<\/strong>Ein \"Cookie\" ist eine kleine Datei, die auf dem Computer des Nutzers gespeichert wird und es uns erm\u00f6glicht, den Nutzer zu erkennen. Die \"Cookies\" helfen uns, die Qualit\u00e4t unserer Website zu verbessern, indem sie uns erm\u00f6glichen, zu verfolgen, welche Seiten unsere Nutzer n\u00fctzlich finden und welche nicht.<br>Cookies sind f\u00fcr das Funktionieren des Internets unerl\u00e4sslich und bieten zahlreiche Vorteile bei der Bereitstellung interaktiver Dienste, die die Navigation und die Nutzbarkeit unserer Website erleichtern. Bitte beachten Sie, dass Cookies Ihren Computer nicht besch\u00e4digen k\u00f6nnen und dass andererseits die Tatsache, dass sie aktiviert sind, uns hilft, Fehler zu erkennen und zu beheben.<\/p><p>Die folgenden Informationen sollen Ihnen helfen, die verschiedenen Arten von Cookies zu verstehen:<\/p><p><strong>Sitzungs-Cookies<\/strong>Cookies: Es handelt sich um tempor\u00e4re Cookies, die in der Cookie-Datei Ihres Browsers verbleiben, bis Sie die Website verlassen, so dass nichts auf der Festplatte des Nutzers gespeichert wird. Die durch diese Cookies erhaltenen Informationen werden verwendet, um die Muster des Webverkehrs zu analysieren. Langfristig erm\u00f6glicht uns dies eine bessere Erfahrung, um den Inhalt zu verbessern und seine Nutzung zu erleichtern.<\/p><p><strong>Dauerhafte Cookies<\/strong>Cookies werden auf Ihrer Festplatte gespeichert und von unserer Website bei jedem Besuch gelesen. Ein permanenter Cookie hat ein bestimmtes Verfallsdatum. Nach Ablauf dieses Datums wird das Cookie nicht mehr funktionieren. Wir verwenden sie im Allgemeinen, um die Kauf- und Registrierungsdienste zu erleichtern.<\/p><p><strong>Vielseitig einsetzbare Kekse<\/strong>Ein Cookie kann f\u00fcr mehrere Zwecke verwendet werden, so dass es nur dann von der Zustimmungspflicht ausgenommen werden kann, wenn jeder einzelne Zweck, f\u00fcr den es verwendet wird, von der Zustimmungspflicht ausgenommen ist.<\/p><p>Der Benutzer hat die M\u00f6glichkeit, die Erzeugung von \"<strong>Cookies<\/strong>\", indem Sie die entsprechende Option in Ihrer \"Browser\"-Software ausw\u00e4hlen. Allerdings,&nbsp;<strong>BECKER E HIJAS, S.L.,&nbsp;<\/strong>&nbsp;ist nicht daf\u00fcr verantwortlich, dass deren Deaktivierung das ordnungsgem\u00e4\u00dfe Funktionieren der Website beeintr\u00e4chtigen kann.<\/p><p>Beispiele f\u00fcr Cookie-Einstellungen in verschiedenen Browsern:<br><\/p><figure class=\"wp-block-table\"><table><tbody><tr><td><strong>Google Chrome<\/strong><\/td><td><a href=\"http:\/\/support.google.com\/chrome\/bin\/answer.py?hl=es&amp;answer=95647\">http:\/\/support.google.com\/chrome\/bin\/answer.py?hl=es&amp;answer=95647<\/a><\/td><\/tr><tr><td><strong>Windows Explorer<\/strong><\/td><td><a href=\"http:\/\/windows.microsoft.com\/es-es\/windows7\/how-to-manage-cookies-in-internet-explorer-9\">http:\/\/windows.microsoft.com\/es-es\/windows7\/how-to-manage-cookies-in-internet-explorer-9<\/a><\/td><\/tr><tr><td><strong>Firefox<\/strong><\/td><td><a href=\"http:\/\/support.mozilla.org\/es\/kb\/habilitar-y-deshabilitar-cookies-que-los-sitios-we\">http:\/\/support.mozilla.org\/es\/kb\/habilitar-y-deshabilitar-cookies-que-los-sitios-we<\/a><\/td><\/tr><tr><td><strong>Apple Safari<\/strong><\/td><td><a href=\"http:\/\/support.apple.com\/kb\/ph5042\">http:\/\/support.apple.com\/kb\/ph5042<\/a><\/td><\/tr><\/tbody><\/table><\/figure><p>Wir informieren Sie, dass&nbsp;<strong>BECKER E HIJAS, S.L.,&nbsp;<\/strong>in seinem Bereich&nbsp;<strong>hausammeer.co.uk<\/strong>&nbsp;verwendet aufgrund der Verarbeitung personenbezogener Daten, die die Identifizierung bestimmter nat\u00fcrlicher Personen erm\u00f6glicht, keine Art von \"Cookie\".<\/p><figure class=\"wp-block-table\"><table><tbody><tr><td><strong>DOMAIN<\/strong><\/td><td><strong>Name des Cookies<\/strong><\/td><td><strong>Abgelaufen<\/strong><\/td><td><strong>Informationen<\/strong><\/td><\/tr><tr><td colspan=\"4\"><strong>&nbsp;<\/strong><\/td><\/tr><tr><td colspan=\"4\"><strong>EIGENE COOKIES<\/strong><\/td><\/tr><tr><td>hausammeer.co.uk<\/td><td>ver_legal<\/td><td>Dauerhaft<\/td><td>Versionskontrolle von Rechtstexten<\/td><\/tr><tr><td><\/td><td><\/td><td><\/td><td><\/td><\/tr><tr><td colspan=\"4\"><strong>&nbsp;<\/strong><\/td><\/tr><tr><td colspan=\"4\"><strong>DRITTANBIETER-COOKIES<\/strong><\/td><\/tr><tr><td>hausammeer.co.uk<\/td><td>__utma<\/td><td>2 Jahre nach Konfiguration oder Upgrade<\/td><td>Es wird verwendet, um Nutzer und Sitzungen zu unterscheiden. Das Cookie wird erstellt, wenn die JavaScript-Bibliothek ausgef\u00fchrt wird und es gibt kein __utma-Cookie. Das Cookie wird jedes Mal aktualisiert, wenn Daten an Google Analytics gesendet werden.<\/td><\/tr><tr><td>hausammeer.co.uk<\/td><td>__utmb<\/td><td>30 Minuten nach der Konfiguration oder Aktualisierung<\/td><td>Es wird verwendet, um neue Sitzungen oder Besuche zu ermitteln. Das Cookie wird erstellt, wenn die JavaScript-Bibliothek ausgef\u00fchrt wird, und es gibt kein __utmb-Cookie. Das Cookie wird jedes Mal aktualisiert, wenn Daten an Google Analytics gesendet werden.<\/td><\/tr><tr><td>hausammeer.co.uk<\/td><td>__utmc<\/td><td>Ende der Browser-Sitzung<\/td><td>Wird in ga.js nicht verwendet. Es wird gesetzt, um mit urchin.js zu interagieren. Zuvor fungierte dieses Cookie in Verbindung mit dem __utmb-Cookie, um festzustellen, ob sich der Benutzer in einer neuen Sitzung oder einem neuen Besuch befand.<\/td><\/tr><tr><td>hausammeer.co.uk<\/td><td>__utmz<\/td><td>Sechs Monate nach der Konfiguration oder dem Upgrade<\/td><td>Speichert die Verkehrsquelle oder Kampagne, die erkl\u00e4rt, wie der Nutzer auf die Website gelangt ist. Das Cookie wird erstellt, wenn die JavaScript-Bibliothek ausgef\u00fchrt wird, und wird jedes Mal aktualisiert, wenn Daten an Google Analytics gesendet werden.&nbsp;<\/td><\/tr><tr><td>hausammeer.co.uk<\/td><td>__utmv<\/td><td>Zwei Jahre nach der Konfiguration oder dem Upgrade<\/td><td>Dient zur Speicherung der Daten einer benutzerdefinierten Besuchervariable. Dieses Cookie wird erstellt, wenn ein Entwickler die Methode _setCustomVar mit einer benutzerdefinierten Besuchervariable verwendet. Es wurde auch f\u00fcr die veraltete _setVar-Methode verwendet. Das Cookie wird jedes Mal aktualisiert, wenn Daten an Google Analytics gesendet werden.<\/td><\/tr><\/tbody><\/table><\/figure><p>Nach dem Lesen aller bereitgestellten Informationen weisen wir den Benutzer darauf hin, dass,&nbsp;<strong><em>wenn Sie auf unserer Website weitersurfen, ohne die entsprechenden Ma\u00dfnahmen zu ergreifen, um Ihren Browser so einzustellen, dass die Installation von Cookies verhindert wird.<\/em><\/strong><em>&nbsp;<strong>die von demselben<\/strong><\/em>in \u00dcbereinstimmung mit den Bedingungen in der&nbsp;<strong>Artikel 22 Absatz 2<\/strong>&nbsp;der&nbsp;<strong>Gesetz 34\/2002 \u00fcber die Dienste der Informationsgesellschaft und den elektronischen Handel<\/strong>in der Fassung des&nbsp;<strong>RD 13\/2012<\/strong>&nbsp;vom 30. M\u00e4rz zur Umsetzung der Richtlinien \u00fcber den Elektrizit\u00e4ts- und Erdgasbinnenmarkt und \u00fcber die elektronische Kommunikation&nbsp;<strong><em>Sie werden Ihre Zustimmung geben<\/em><\/strong>&nbsp;f\u00fcr den Einsatz dieser Mechanismen.<\/p>","protected":false},"excerpt":{"rendered":"<p>RECHTLICHER HINWEIS V2 - 15-01-2016 1.1 Rechtlicher Hinweis (LSSI)Gem\u00e4\u00df Artikel 10 des Gesetzes 34\/2002 vom 11. Juli \u00fcber die \"Dienste der Informationsgesellschaft und den elektronischen Gesch\u00e4ftsverkehr (LSSI)\" teilen wir Ihnen folgende Informationen mit: BECKER E HIJAS, S.L., [im Folgenden HAUS AM MEER], ist der Eigent\u00fcmer der Website hausammeer.es, die [...]<\/p>","protected":false},"author":1,"featured_media":0,"parent":0,"menu_order":0,"comment_status":"closed","ping_status":"closed","template":"","meta":{"footnotes":""},"class_list":["post-16964","page","type-page","status-publish","hentry"],"_links":{"self":[{"href":"https:\/\/www.hausammeer.es\/de\/wp-json\/wp\/v2\/pages\/16964","targetHints":{"allow":["GET"]}}],"collection":[{"href":"https:\/\/www.hausammeer.es\/de\/wp-json\/wp\/v2\/pages"}],"about":[{"href":"https:\/\/www.hausammeer.es\/de\/wp-json\/wp\/v2\/types\/page"}],"author":[{"embeddable":true,"href":"https:\/\/www.hausammeer.es\/de\/wp-json\/wp\/v2\/users\/1"}],"replies":[{"embeddable":true,"href":"https:\/\/www.hausammeer.es\/de\/wp-json\/wp\/v2\/comments?post=16964"}],"version-history":[{"count":0,"href":"https:\/\/www.hausammeer.es\/de\/wp-json\/wp\/v2\/pages\/16964\/revisions"}],"wp:attachment":[{"href":"https:\/\/www.hausammeer.es\/de\/wp-json\/wp\/v2\/media?parent=16964"}],"curies":[{"name":"wp","href":"https:\/\/api.w.org\/{rel}","templated":true}]}}